{"id":95,"date":"2020-12-19T17:17:46","date_gmt":"2020-12-19T16:17:46","guid":{"rendered":"https:\/\/www.ciberpucela.com\/wp1\/?page_id=95"},"modified":"2023-02-22T18:28:08","modified_gmt":"2023-02-22T17:28:08","slug":"95-2","status":"publish","type":"page","link":"https:\/\/www.ciberpucela.com\/wp1\/95-2\/","title":{"rendered":"Pagina inicial blog Celes"},"content":{"rendered":"<p>[et_pb_section fb_built=\u00bb1&#8243; fullwidth=\u00bbon\u00bb admin_label=\u00bbHero\u00bb _builder_version=\u00bb4.16&#8243; background_image=\u00bbhttps:\/\/www.ciberpucela.com\/wp1\/wp-content\/uploads\/2020\/12\/it-services-02.jpg\u00bb parallax=\u00bbon\u00bb custom_padding=\u00bb0px|0|0px|0px|false|false\u00bb global_colors_info=\u00bb{}\u00bb][et_pb_fullwidth_header title=\u00bbBlog de Celes\u00bb text_orientation=\u00bbcenter\u00bb admin_label=\u00bbFullwidth Header\u00bb _builder_version=\u00bb4.16&#8243; title_font=\u00bbShare Tech||||||||\u00bb title_text_align=\u00bbcenter\u00bb title_font_size=\u00bb80px\u00bb title_line_height=\u00bb1.2em\u00bb content_font=\u00bbOpen Sans||||||||\u00bb content_text_align=\u00bbcenter\u00bb content_font_size=\u00bb18px\u00bb content_line_height=\u00bb1.8em\u00bb background_color=\u00bbrgba(0,0,0,0)\u00bb use_background_color_gradient=\u00bbon\u00bb background_color_gradient_direction=\u00bb140deg\u00bb background_color_gradient_stops=\u00bbrgba(0,72,114,0.9) 0%|rgba(41,17,96,0.8) 100%\u00bb background_color_gradient_start=\u00bbrgba(0,72,114,0.9)\u00bb background_color_gradient_end=\u00bbrgba(41,17,96,0.8)\u00bb parallax=\u00bbon\u00bb parallax_method=\u00bbon\u00bb custom_button_one=\u00bbon\u00bb button_one_text_size=\u00bb15px\u00bb button_one_bg_color=\u00bb#ffa727&#8243; button_one_border_width=\u00bb15px\u00bb button_one_border_color=\u00bb#ffa727&#8243; button_one_border_radius=\u00bb100px\u00bb button_one_letter_spacing=\u00bb5px\u00bb button_one_font=\u00bbOpen Sans|700||on|||||\u00bb custom_margin=\u00bb|||\u00bb custom_padding=\u00bb10vw||10vw||true\u00bb custom_padding_tablet=\u00bb100px||100px||true\u00bb custom_padding_phone=\u00bb|||\u00bb custom_padding_last_edited=\u00bbon|desktop\u00bb title_font_size_tablet=\u00bb60px\u00bb title_font_size_phone=\u00bb36px\u00bb title_font_size_last_edited=\u00bbon|phone\u00bb content_font_size_tablet=\u00bb\u00bb content_font_size_phone=\u00bb16px\u00bb content_font_size_last_edited=\u00bbon|phone\u00bb button_one_text_size_tablet=\u00bb\u00bb button_one_text_size_phone=\u00bb\u00bb button_one_text_size_last_edited=\u00bbon|desktop\u00bb button_one_border_color_hover=\u00bb#ff8a3d\u00bb button_one_border_radius_hover=\u00bb100px\u00bb button_one_letter_spacing_hover=\u00bb5px\u00bb button_one_bg_color_hover=\u00bb#ff8a3d\u00bb global_colors_info=\u00bb{}\u00bb button_one_text_size__hover_enabled=\u00bboff\u00bb button_two_text_size__hover_enabled=\u00bboff\u00bb button_one_text_color__hover_enabled=\u00bboff\u00bb button_two_text_color__hover_enabled=\u00bboff\u00bb button_one_border_width__hover_enabled=\u00bboff\u00bb button_two_border_width__hover_enabled=\u00bboff\u00bb button_one_border_color__hover_enabled=\u00bbon\u00bb button_one_border_color__hover=\u00bb#ff8a3d\u00bb button_two_border_color__hover_enabled=\u00bboff\u00bb button_one_border_radius__hover_enabled=\u00bbon\u00bb button_one_border_radius__hover=\u00bb100px\u00bb button_two_border_radius__hover_enabled=\u00bboff\u00bb button_one_letter_spacing__hover_enabled=\u00bbon\u00bb button_one_letter_spacing__hover=\u00bb5px\u00bb button_two_letter_spacing__hover_enabled=\u00bboff\u00bb button_one_bg_color__hover_enabled=\u00bbon\u00bb button_one_bg_color__hover=\u00bb#ff8a3d\u00bb button_two_bg_color__hover_enabled=\u00bboff\u00bb title__hover_enabled=\u00bbon|hover\u00bb title__hover=\u00bbBlog de Celes\u00bb min_height=\u00bb398.3px\u00bb]<\/p>\n<p>En esta p\u00e1gina mostrar\u00e9 art\u00edculos sobre mis aficiones, que a saber son la electr\u00f3nica, astronom\u00eda, inform\u00e1tica, retroinform\u00e1tica y otros. Espero os guste.<\/p>\n<p>[\/et_pb_fullwidth_header][\/et_pb_section][et_pb_section fb_built=\u00bb1&#8243; fullwidth=\u00bbon\u00bb theme_builder_area=\u00bbpost_content\u00bb _builder_version=\u00bb4.20.0&#8243; _module_preset=\u00bbdefault\u00bb][et_pb_fullwidth_code _builder_version=\u00bb4.20.0&#8243; _module_preset=\u00bbdefault\u00bb theme_builder_area=\u00bbpost_content\u00bb background_color=\u00bbRGBA(255,255,255,0)\u00bb hover_enabled=\u00bb0&#8243; sticky_enabled=\u00bb0&#8243;]<\/p>\n<div align=\"center\" id=\"cont_417b4abc9f3ecc179b54ca63f1bc27de\"> <span id=\"h_417b4abc9f3ecc179b54ca63f1bc27de\"><a id=\"a_417b4abc9f3ecc179b54ca63f1bc27de\" href=\"http:\/\/www.tiempo.com\/valladolid.htm\" target=\"_blank\" style=\"color:#808080;font-family:2;font-size:14px;\" rel=\"noopener\">El <!-- [et_pb_line_break_holder] -->  Tiempo Valladolid<\/a><\/span> <!-- [et_pb_line_break_holder] -->  <script type=\"text\/javascript\" src=\"http:\/\/www.tiempo.com\/wid_loader\/417b4abc9f3ecc179b54ca63f1bc27de\"><\/script><!-- [et_pb_line_break_holder] --><\/div>\n<p>[\/et_pb_fullwidth_code][\/et_pb_section]<\/p>\n","protected":false},"excerpt":{"rendered":"<p>En esta p\u00e1gina mostrar\u00e9 art\u00edculos sobre mis aficiones, que a saber son la electr\u00f3nica, astronom\u00eda, inform\u00e1tica, retroinform\u00e1tica y otros. Espero os guste.<\/p>\n","protected":false},"author":1,"featured_media":0,"parent":0,"menu_order":0,"comment_status":"closed","ping_status":"closed","template":"","meta":{"_et_pb_use_builder":"on","_et_pb_old_content":"","_et_gb_content_width":"","_monsterinsights_skip_tracking":false,"_monsterinsights_sitenote_active":false,"_monsterinsights_sitenote_note":"","_monsterinsights_sitenote_category":0,"footnotes":""},"class_list":["post-95","page","type-page","status-publish","hentry"],"yoast_head":"<!-- This site is optimized with the Yoast SEO plugin v25.8 - https:\/\/yoast.com\/wordpress\/plugins\/seo\/ -->\r\n<title>Pagina inicial blog Celes - Blog personal de Celes<\/title>\r\n<meta name=\"robots\" content=\"index, follow, max-snippet:-1, max-image-preview:large, max-video-preview:-1\" \/>\r\n<link rel=\"canonical\" href=\"https:\/\/www.ciberpucela.com\/wp1\/95-2\/\" \/>\r\n<meta property=\"og:locale\" content=\"es_ES\" \/>\r\n<meta property=\"og:type\" content=\"article\" \/>\r\n<meta property=\"og:title\" content=\"Pagina inicial blog Celes - Blog personal de Celes\" \/>\r\n<meta property=\"og:description\" content=\"En esta p\u00e1gina mostrar\u00e9 art\u00edculos sobre mis aficiones, que a saber son la electr\u00f3nica, astronom\u00eda, inform\u00e1tica, retroinform\u00e1tica y otros. Espero os guste.\" \/>\r\n<meta property=\"og:url\" content=\"https:\/\/www.ciberpucela.com\/wp1\/95-2\/\" \/>\r\n<meta property=\"og:site_name\" content=\"Blog personal de Celes\" \/>\r\n<meta property=\"article:modified_time\" content=\"2023-02-22T17:28:08+00:00\" \/>\r\n<meta name=\"twitter:card\" content=\"summary_large_image\" \/>\r\n<meta name=\"twitter:label1\" content=\"Tiempo de lectura\" \/>\n\t<meta name=\"twitter:data1\" content=\"1 minuto\" \/>\r\n<script type=\"application\/ld+json\" class=\"yoast-schema-graph\">{\"@context\":\"https:\/\/schema.org\",\"@graph\":[{\"@type\":\"WebPage\",\"@id\":\"https:\/\/www.ciberpucela.com\/wp1\/95-2\/\",\"url\":\"https:\/\/www.ciberpucela.com\/wp1\/95-2\/\",\"name\":\"Pagina inicial blog Celes - Blog personal de Celes\",\"isPartOf\":{\"@id\":\"https:\/\/www.ciberpucela.com\/wp1\/#website\"},\"datePublished\":\"2020-12-19T16:17:46+00:00\",\"dateModified\":\"2023-02-22T17:28:08+00:00\",\"breadcrumb\":{\"@id\":\"https:\/\/www.ciberpucela.com\/wp1\/95-2\/#breadcrumb\"},\"inLanguage\":\"es\",\"potentialAction\":[{\"@type\":\"ReadAction\",\"target\":[\"https:\/\/www.ciberpucela.com\/wp1\/95-2\/\"]}]},{\"@type\":\"BreadcrumbList\",\"@id\":\"https:\/\/www.ciberpucela.com\/wp1\/95-2\/#breadcrumb\",\"itemListElement\":[{\"@type\":\"ListItem\",\"position\":1,\"name\":\"Portada\",\"item\":\"https:\/\/www.ciberpucela.com\/wp1\/\"},{\"@type\":\"ListItem\",\"position\":2,\"name\":\"Pagina inicial blog Celes\"}]},{\"@type\":\"WebSite\",\"@id\":\"https:\/\/www.ciberpucela.com\/wp1\/#website\",\"url\":\"https:\/\/www.ciberpucela.com\/wp1\/\",\"name\":\"Blog personal de Celes\",\"description\":\"Blog personal de Celes\",\"publisher\":{\"@id\":\"https:\/\/www.ciberpucela.com\/wp1\/#\/schema\/person\/db76506132774573ea3f62456de71a20\"},\"potentialAction\":[{\"@type\":\"SearchAction\",\"target\":{\"@type\":\"EntryPoint\",\"urlTemplate\":\"https:\/\/www.ciberpucela.com\/wp1\/?s={search_term_string}\"},\"query-input\":{\"@type\":\"PropertyValueSpecification\",\"valueRequired\":true,\"valueName\":\"search_term_string\"}}],\"inLanguage\":\"es\"},{\"@type\":[\"Person\",\"Organization\"],\"@id\":\"https:\/\/www.ciberpucela.com\/wp1\/#\/schema\/person\/db76506132774573ea3f62456de71a20\",\"name\":\"celestinox\",\"image\":{\"@type\":\"ImageObject\",\"inLanguage\":\"es\",\"@id\":\"https:\/\/www.ciberpucela.com\/wp1\/#\/schema\/person\/image\/\",\"url\":\"https:\/\/secure.gravatar.com\/avatar\/9a7eb901956c578fe8254a191105722c46fc2c3921e17503db4259769e7c9a3c?s=96&d=retro&r=g\",\"contentUrl\":\"https:\/\/secure.gravatar.com\/avatar\/9a7eb901956c578fe8254a191105722c46fc2c3921e17503db4259769e7c9a3c?s=96&d=retro&r=g\",\"caption\":\"celestinox\"},\"logo\":{\"@id\":\"https:\/\/www.ciberpucela.com\/wp1\/#\/schema\/person\/image\/\"}}]}<\/script>\r\n<!-- \/ Yoast SEO plugin. -->","yoast_head_json":{"title":"Pagina inicial blog Celes - Blog personal de Celes","robots":{"index":"index","follow":"follow","max-snippet":"max-snippet:-1","max-image-preview":"max-image-preview:large","max-video-preview":"max-video-preview:-1"},"canonical":"https:\/\/www.ciberpucela.com\/wp1\/95-2\/","og_locale":"es_ES","og_type":"article","og_title":"Pagina inicial blog Celes - Blog personal de Celes","og_description":"En esta p\u00e1gina mostrar\u00e9 art\u00edculos sobre mis aficiones, que a saber son la electr\u00f3nica, astronom\u00eda, inform\u00e1tica, retroinform\u00e1tica y otros. Espero os guste.","og_url":"https:\/\/www.ciberpucela.com\/wp1\/95-2\/","og_site_name":"Blog personal de Celes","article_modified_time":"2023-02-22T17:28:08+00:00","twitter_card":"summary_large_image","twitter_misc":{"Tiempo de lectura":"1 minuto"},"schema":{"@context":"https:\/\/schema.org","@graph":[{"@type":"WebPage","@id":"https:\/\/www.ciberpucela.com\/wp1\/95-2\/","url":"https:\/\/www.ciberpucela.com\/wp1\/95-2\/","name":"Pagina inicial blog Celes - Blog personal de Celes","isPartOf":{"@id":"https:\/\/www.ciberpucela.com\/wp1\/#website"},"datePublished":"2020-12-19T16:17:46+00:00","dateModified":"2023-02-22T17:28:08+00:00","breadcrumb":{"@id":"https:\/\/www.ciberpucela.com\/wp1\/95-2\/#breadcrumb"},"inLanguage":"es","potentialAction":[{"@type":"ReadAction","target":["https:\/\/www.ciberpucela.com\/wp1\/95-2\/"]}]},{"@type":"BreadcrumbList","@id":"https:\/\/www.ciberpucela.com\/wp1\/95-2\/#breadcrumb","itemListElement":[{"@type":"ListItem","position":1,"name":"Portada","item":"https:\/\/www.ciberpucela.com\/wp1\/"},{"@type":"ListItem","position":2,"name":"Pagina inicial blog Celes"}]},{"@type":"WebSite","@id":"https:\/\/www.ciberpucela.com\/wp1\/#website","url":"https:\/\/www.ciberpucela.com\/wp1\/","name":"Blog personal de Celes","description":"Blog personal de Celes","publisher":{"@id":"https:\/\/www.ciberpucela.com\/wp1\/#\/schema\/person\/db76506132774573ea3f62456de71a20"},"potentialAction":[{"@type":"SearchAction","target":{"@type":"EntryPoint","urlTemplate":"https:\/\/www.ciberpucela.com\/wp1\/?s={search_term_string}"},"query-input":{"@type":"PropertyValueSpecification","valueRequired":true,"valueName":"search_term_string"}}],"inLanguage":"es"},{"@type":["Person","Organization"],"@id":"https:\/\/www.ciberpucela.com\/wp1\/#\/schema\/person\/db76506132774573ea3f62456de71a20","name":"celestinox","image":{"@type":"ImageObject","inLanguage":"es","@id":"https:\/\/www.ciberpucela.com\/wp1\/#\/schema\/person\/image\/","url":"https:\/\/secure.gravatar.com\/avatar\/9a7eb901956c578fe8254a191105722c46fc2c3921e17503db4259769e7c9a3c?s=96&d=retro&r=g","contentUrl":"https:\/\/secure.gravatar.com\/avatar\/9a7eb901956c578fe8254a191105722c46fc2c3921e17503db4259769e7c9a3c?s=96&d=retro&r=g","caption":"celestinox"},"logo":{"@id":"https:\/\/www.ciberpucela.com\/wp1\/#\/schema\/person\/image\/"}}]}},"_links":{"self":[{"href":"https:\/\/www.ciberpucela.com\/wp1\/wp-json\/wp\/v2\/pages\/95","targetHints":{"allow":["GET"]}}],"collection":[{"href":"https:\/\/www.ciberpucela.com\/wp1\/wp-json\/wp\/v2\/pages"}],"about":[{"href":"https:\/\/www.ciberpucela.com\/wp1\/wp-json\/wp\/v2\/types\/page"}],"author":[{"embeddable":true,"href":"https:\/\/www.ciberpucela.com\/wp1\/wp-json\/wp\/v2\/users\/1"}],"replies":[{"embeddable":true,"href":"https:\/\/www.ciberpucela.com\/wp1\/wp-json\/wp\/v2\/comments?post=95"}],"version-history":[{"count":14,"href":"https:\/\/www.ciberpucela.com\/wp1\/wp-json\/wp\/v2\/pages\/95\/revisions"}],"predecessor-version":[{"id":3177,"href":"https:\/\/www.ciberpucela.com\/wp1\/wp-json\/wp\/v2\/pages\/95\/revisions\/3177"}],"wp:attachment":[{"href":"https:\/\/www.ciberpucela.com\/wp1\/wp-json\/wp\/v2\/media?parent=95"}],"curies":[{"name":"wp","href":"https:\/\/api.w.org\/{rel}","templated":true}]}}